{"id":18,"date":"2023-08-29T21:27:07","date_gmt":"2023-08-29T21:27:07","guid":{"rendered":"https:\/\/videoviral.vip\/index.php\/workshop-3\/"},"modified":"2023-10-30T04:01:08","modified_gmt":"2023-10-30T04:01:08","slug":"preguntas-frecuentas","status":"publish","type":"page","link":"https:\/\/videoviral.vip\/index.php\/preguntas-frecuentas\/","title":{"rendered":"Q&#038;A"},"content":{"rendered":"\t\t<div data-elementor-type=\"wp-page\" data-elementor-id=\"18\" class=\"elementor elementor-18\" data-elementor-post-type=\"page\">\n\t\t\t\t\t\t<section class=\"elementor-section elementor-top-section elementor-element elementor-element-461e8e6f elementor-section-full_width elementor-section-height-default elementor-section-height-default\" data-id=\"461e8e6f\" data-element_type=\"section\" data-e-type=\"section\">\n\t\t\t\t\t\t<div class=\"elementor-container elementor-column-gap-no\">\n\t\t\t\t\t<div class=\"elementor-column elementor-col-100 elementor-top-column elementor-element elementor-element-b607144\" data-id=\"b607144\" data-element_type=\"column\" data-e-type=\"column\">\n\t\t\t<div class=\"elementor-widget-wrap elementor-element-populated\">\n\t\t\t\t<div class=\"elementor-element elementor-element-7d28643 e-con-full e-flex e-con e-parent\" data-id=\"7d28643\" data-element_type=\"container\" data-e-type=\"container\">\n\t\t\t\t<div class=\"elementor-element elementor-element-7e5cf3a elementor-widget elementor-widget-heading\" data-id=\"7e5cf3a\" data-element_type=\"widget\" data-e-type=\"widget\" data-widget_type=\"heading.default\">\n\t\t\t\t<div class=\"elementor-widget-container\">\n\t\t\t\t\t<h3 class=\"elementor-heading-title elementor-size-default\">Preguntas frecuentes<\/h3>\t\t\t\t<\/div>\n\t\t\t\t<\/div>\n\t\t<div class=\"elementor-element elementor-element-a19a074 e-con-full e-flex e-con e-child\" data-id=\"a19a074\" data-element_type=\"container\" data-e-type=\"container\">\n\t\t\t\t<div class=\"elementor-element elementor-element-d33ef01 elementor-widget__width-inherit elementor-widget elementor-widget-toggle\" data-id=\"d33ef01\" data-element_type=\"widget\" data-e-type=\"widget\" data-widget_type=\"toggle.default\">\n\t\t\t\t<div class=\"elementor-widget-container\">\n\t\t\t\t\t\t\t<div class=\"elementor-toggle\">\n\t\t\t\t\t\t\t<div class=\"elementor-toggle-item\">\n\t\t\t\t\t<h4 id=\"elementor-tab-title-2211\" class=\"elementor-tab-title\" data-tab=\"1\" role=\"button\" aria-controls=\"elementor-tab-content-2211\" aria-expanded=\"false\">\n\t\t\t\t\t\t\t\t\t\t\t\t<span class=\"elementor-toggle-icon elementor-toggle-icon-right\" aria-hidden=\"true\">\n\t\t\t\t\t\t\t\t\t\t\t\t\t\t\t<span class=\"elementor-toggle-icon-closed\"><svg xmlns=\"http:\/\/www.w3.org\/2000\/svg\" id=\"a1e64e0c-4c41-4fca-8542-7a49c6092caa\" data-name=\"Layer 1\" width=\"16.9661\" height=\"16.9661\" viewBox=\"0 0 16.9661 16.9661\"><defs><style>.aed1427e-e5ff-4359-b373-334313c48315{fill:#1c2448;}<\/style><\/defs><path class=\"aed1427e-e5ff-4359-b373-334313c48315\" d=\"M8.8969,16.966V8.9071h8.0692V8.1012H8.8969V0H8.0693V8.1012H0v.8059H8.0693V16.966Z\" transform=\"translate(0 0.0001)\"><\/path><\/svg><\/span>\n\t\t\t\t\t\t\t\t<span class=\"elementor-toggle-icon-opened\"><svg xmlns=\"http:\/\/www.w3.org\/2000\/svg\" id=\"ef88faed-b140-41a0-9417-c1651f3bd4fc\" data-name=\"Layer 1\" width=\"13.785\" height=\"1.0074\" viewBox=\"0 0 13.785 1.0074\"><defs><style>.e3c7dd86-9752-467e-8574-885a4e9461bb{fill:#1c2448;}<\/style><\/defs><path class=\"e3c7dd86-9752-467e-8574-885a4e9461bb\" d=\"M13.785,1.0338V.0265H0V1.0338Z\" transform=\"translate(0 -0.0265)\"><\/path><\/svg><\/span>\n\t\t\t\t\t\t\t\t\t\t\t\t\t<\/span>\n\t\t\t\t\t\t\t\t\t\t\t\t<a class=\"elementor-toggle-title\" tabindex=\"0\">\u00bfC\u00f3mo funciona el proceso de edici\u00f3n?<\/a>\n\t\t\t\t\t<\/h4>\n\n\t\t\t\t\t<div id=\"elementor-tab-content-2211\" class=\"elementor-tab-content elementor-clearfix\" data-tab=\"1\" role=\"region\" aria-labelledby=\"elementor-tab-title-2211\"><p><span class=\"TextRun SCXW259517372 BCX0\" lang=\"ES-419\" xml:lang=\"ES-419\" data-contrast=\"auto\"><span class=\"NormalTextRun SCXW259517372 BCX0\">Nuestro proceso es sencillo. Primero, nos proporcionas el material de video. Luego, nuestro<\/span> <span class=\"NormalTextRun SCXW259517372 BCX0\">equip<\/span><span class=\"NormalTextRun SCXW259517372 BCX0\">o de edici\u00f3n<\/span> <span class=\"NormalTextRun SCXW259517372 BCX0\">trabaja en mejorar la calidad, la coherencia y la narrativa. Finalmente, te entregamos un borrador para tu revisi\u00f3n y hacemos ajustes seg\u00fan tus comentarios.<\/span><\/span><span class=\"EOP SCXW259517372 BCX0\" data-ccp-props=\"{&quot;201341983&quot;:0,&quot;335551550&quot;:6,&quot;335551620&quot;:6,&quot;335559685&quot;:0,&quot;335559739&quot;:160,&quot;335559740&quot;:259}\">\u00a0<\/span><\/p><\/div>\n\t\t\t\t<\/div>\n\t\t\t\t\t\t\t<div class=\"elementor-toggle-item\">\n\t\t\t\t\t<h4 id=\"elementor-tab-title-2212\" class=\"elementor-tab-title\" data-tab=\"2\" role=\"button\" aria-controls=\"elementor-tab-content-2212\" aria-expanded=\"false\">\n\t\t\t\t\t\t\t\t\t\t\t\t<span class=\"elementor-toggle-icon elementor-toggle-icon-right\" aria-hidden=\"true\">\n\t\t\t\t\t\t\t\t\t\t\t\t\t\t\t<span class=\"elementor-toggle-icon-closed\"><svg xmlns=\"http:\/\/www.w3.org\/2000\/svg\" id=\"a1e64e0c-4c41-4fca-8542-7a49c6092caa\" data-name=\"Layer 1\" width=\"16.9661\" height=\"16.9661\" viewBox=\"0 0 16.9661 16.9661\"><defs><style>.aed1427e-e5ff-4359-b373-334313c48315{fill:#1c2448;}<\/style><\/defs><path class=\"aed1427e-e5ff-4359-b373-334313c48315\" d=\"M8.8969,16.966V8.9071h8.0692V8.1012H8.8969V0H8.0693V8.1012H0v.8059H8.0693V16.966Z\" transform=\"translate(0 0.0001)\"><\/path><\/svg><\/span>\n\t\t\t\t\t\t\t\t<span class=\"elementor-toggle-icon-opened\"><svg xmlns=\"http:\/\/www.w3.org\/2000\/svg\" id=\"ef88faed-b140-41a0-9417-c1651f3bd4fc\" data-name=\"Layer 1\" width=\"13.785\" height=\"1.0074\" viewBox=\"0 0 13.785 1.0074\"><defs><style>.e3c7dd86-9752-467e-8574-885a4e9461bb{fill:#1c2448;}<\/style><\/defs><path class=\"e3c7dd86-9752-467e-8574-885a4e9461bb\" d=\"M13.785,1.0338V.0265H0V1.0338Z\" transform=\"translate(0 -0.0265)\"><\/path><\/svg><\/span>\n\t\t\t\t\t\t\t\t\t\t\t\t\t<\/span>\n\t\t\t\t\t\t\t\t\t\t\t\t<a class=\"elementor-toggle-title\" tabindex=\"0\">\u00bfPuedo proporcionar indicaciones espec\u00edficas para la edici\u00f3n?<\/a>\n\t\t\t\t\t<\/h4>\n\n\t\t\t\t\t<div id=\"elementor-tab-content-2212\" class=\"elementor-tab-content elementor-clearfix\" data-tab=\"2\" role=\"region\" aria-labelledby=\"elementor-tab-title-2212\"><p><span class=\"TextRun SCXW154070700 BCX0\" lang=\"ES-419\" xml:lang=\"ES-419\" data-contrast=\"auto\"><span class=\"NormalTextRun SCXW154070700 BCX0\">\u00a1<\/span><span class=\"NormalTextRun SCXW154070700 BCX0\">Claro! <\/span><span class=\"NormalTextRun SCXW154070700 BCX0\">Puedes brindarnos indicaciones detalladas sobre el estilo, la m\u00fasica, los efectos y cualquier otro aspecto que desees incluir en la edici\u00f3n.<\/span><\/span><span class=\"EOP SCXW154070700 BCX0\" data-ccp-props=\"{&quot;201341983&quot;:0,&quot;335551550&quot;:6,&quot;335551620&quot;:6,&quot;335559685&quot;:0,&quot;335559739&quot;:160,&quot;335559740&quot;:259}\">\u00a0<\/span><\/p><\/div>\n\t\t\t\t<\/div>\n\t\t\t\t\t\t\t<div class=\"elementor-toggle-item\">\n\t\t\t\t\t<h4 id=\"elementor-tab-title-2213\" class=\"elementor-tab-title\" data-tab=\"3\" role=\"button\" aria-controls=\"elementor-tab-content-2213\" aria-expanded=\"false\">\n\t\t\t\t\t\t\t\t\t\t\t\t<span class=\"elementor-toggle-icon elementor-toggle-icon-right\" aria-hidden=\"true\">\n\t\t\t\t\t\t\t\t\t\t\t\t\t\t\t<span class=\"elementor-toggle-icon-closed\"><svg xmlns=\"http:\/\/www.w3.org\/2000\/svg\" id=\"a1e64e0c-4c41-4fca-8542-7a49c6092caa\" data-name=\"Layer 1\" width=\"16.9661\" height=\"16.9661\" viewBox=\"0 0 16.9661 16.9661\"><defs><style>.aed1427e-e5ff-4359-b373-334313c48315{fill:#1c2448;}<\/style><\/defs><path class=\"aed1427e-e5ff-4359-b373-334313c48315\" d=\"M8.8969,16.966V8.9071h8.0692V8.1012H8.8969V0H8.0693V8.1012H0v.8059H8.0693V16.966Z\" transform=\"translate(0 0.0001)\"><\/path><\/svg><\/span>\n\t\t\t\t\t\t\t\t<span class=\"elementor-toggle-icon-opened\"><svg xmlns=\"http:\/\/www.w3.org\/2000\/svg\" id=\"ef88faed-b140-41a0-9417-c1651f3bd4fc\" data-name=\"Layer 1\" width=\"13.785\" height=\"1.0074\" viewBox=\"0 0 13.785 1.0074\"><defs><style>.e3c7dd86-9752-467e-8574-885a4e9461bb{fill:#1c2448;}<\/style><\/defs><path class=\"e3c7dd86-9752-467e-8574-885a4e9461bb\" d=\"M13.785,1.0338V.0265H0V1.0338Z\" transform=\"translate(0 -0.0265)\"><\/path><\/svg><\/span>\n\t\t\t\t\t\t\t\t\t\t\t\t\t<\/span>\n\t\t\t\t\t\t\t\t\t\t\t\t<a class=\"elementor-toggle-title\" tabindex=\"0\">\u00bfQu\u00e9 medidas toman para mantener mi material seguro?<\/a>\n\t\t\t\t\t<\/h4>\n\n\t\t\t\t\t<div id=\"elementor-tab-content-2213\" class=\"elementor-tab-content elementor-clearfix\" data-tab=\"3\" role=\"region\" aria-labelledby=\"elementor-tab-title-2213\"><p><span class=\"TextRun SCXW214056729 BCX0\" lang=\"ES-419\" xml:lang=\"ES-419\" data-contrast=\"auto\"><span class=\"NormalTextRun SCXW214056729 BCX0\">Priorizamos la seguridad y la privacidad de tus archivos. Utilizamos m\u00e9todos seguros para el intercambio de archivos y garantizamos la confidencialidad de tu contenido.<\/span><\/span><span class=\"EOP SCXW214056729 BCX0\" data-ccp-props=\"{&quot;201341983&quot;:0,&quot;335551550&quot;:6,&quot;335551620&quot;:6,&quot;335559685&quot;:0,&quot;335559739&quot;:160,&quot;335559740&quot;:259}\">\u00a0<\/span><\/p><\/div>\n\t\t\t\t<\/div>\n\t\t\t\t\t\t\t\t<\/div>\n\t\t\t\t\t\t<\/div>\n\t\t\t\t<\/div>\n\t\t\t\t<div class=\"elementor-element elementor-element-1a2224d elementor-widget__width-inherit elementor-widget elementor-widget-toggle\" data-id=\"1a2224d\" data-element_type=\"widget\" data-e-type=\"widget\" data-widget_type=\"toggle.default\">\n\t\t\t\t<div class=\"elementor-widget-container\">\n\t\t\t\t\t\t\t<div class=\"elementor-toggle\">\n\t\t\t\t\t\t\t<div class=\"elementor-toggle-item\">\n\t\t\t\t\t<h4 id=\"elementor-tab-title-2741\" class=\"elementor-tab-title\" data-tab=\"1\" role=\"button\" aria-controls=\"elementor-tab-content-2741\" aria-expanded=\"false\">\n\t\t\t\t\t\t\t\t\t\t\t\t<span class=\"elementor-toggle-icon elementor-toggle-icon-right\" aria-hidden=\"true\">\n\t\t\t\t\t\t\t\t\t\t\t\t\t\t\t<span class=\"elementor-toggle-icon-closed\"><svg xmlns=\"http:\/\/www.w3.org\/2000\/svg\" id=\"a1e64e0c-4c41-4fca-8542-7a49c6092caa\" data-name=\"Layer 1\" width=\"16.9661\" height=\"16.9661\" viewBox=\"0 0 16.9661 16.9661\"><defs><style>.aed1427e-e5ff-4359-b373-334313c48315{fill:#1c2448;}<\/style><\/defs><path class=\"aed1427e-e5ff-4359-b373-334313c48315\" d=\"M8.8969,16.966V8.9071h8.0692V8.1012H8.8969V0H8.0693V8.1012H0v.8059H8.0693V16.966Z\" transform=\"translate(0 0.0001)\"><\/path><\/svg><\/span>\n\t\t\t\t\t\t\t\t<span class=\"elementor-toggle-icon-opened\"><svg xmlns=\"http:\/\/www.w3.org\/2000\/svg\" id=\"ef88faed-b140-41a0-9417-c1651f3bd4fc\" data-name=\"Layer 1\" width=\"13.785\" height=\"1.0074\" viewBox=\"0 0 13.785 1.0074\"><defs><style>.e3c7dd86-9752-467e-8574-885a4e9461bb{fill:#1c2448;}<\/style><\/defs><path class=\"e3c7dd86-9752-467e-8574-885a4e9461bb\" d=\"M13.785,1.0338V.0265H0V1.0338Z\" transform=\"translate(0 -0.0265)\"><\/path><\/svg><\/span>\n\t\t\t\t\t\t\t\t\t\t\t\t\t<\/span>\n\t\t\t\t\t\t\t\t\t\t\t\t<a class=\"elementor-toggle-title\" tabindex=\"0\">\u00bfOfrecen revisiones ilimitadas?<\/a>\n\t\t\t\t\t<\/h4>\n\n\t\t\t\t\t<div id=\"elementor-tab-content-2741\" class=\"elementor-tab-content elementor-clearfix\" data-tab=\"1\" role=\"region\" aria-labelledby=\"elementor-tab-title-2741\"><p><span class=\"TextRun SCXW93473173 BCX0\" lang=\"ES-419\" xml:lang=\"ES-419\" data-contrast=\"auto\"><span class=\"NormalTextRun SCXW93473173 BCX0\">Ofrecemos un n\u00famero razonable de revisiones para asegurarnos de que el video final cumpla con tus expectativas. Si bien buscamos satisfacer tus necesidades, tambi\u00e9n tenemos en cuenta los plazos y los compromisos.<\/span><\/span><span class=\"EOP SCXW93473173 BCX0\" data-ccp-props=\"{&quot;201341983&quot;:0,&quot;335551550&quot;:6,&quot;335551620&quot;:6,&quot;335559685&quot;:0,&quot;335559739&quot;:160,&quot;335559740&quot;:259}\">\u00a0<\/span><\/p><\/div>\n\t\t\t\t<\/div>\n\t\t\t\t\t\t\t<div class=\"elementor-toggle-item\">\n\t\t\t\t\t<h4 id=\"elementor-tab-title-2742\" class=\"elementor-tab-title\" data-tab=\"2\" role=\"button\" aria-controls=\"elementor-tab-content-2742\" aria-expanded=\"false\">\n\t\t\t\t\t\t\t\t\t\t\t\t<span class=\"elementor-toggle-icon elementor-toggle-icon-right\" aria-hidden=\"true\">\n\t\t\t\t\t\t\t\t\t\t\t\t\t\t\t<span class=\"elementor-toggle-icon-closed\"><svg xmlns=\"http:\/\/www.w3.org\/2000\/svg\" id=\"a1e64e0c-4c41-4fca-8542-7a49c6092caa\" data-name=\"Layer 1\" width=\"16.9661\" height=\"16.9661\" viewBox=\"0 0 16.9661 16.9661\"><defs><style>.aed1427e-e5ff-4359-b373-334313c48315{fill:#1c2448;}<\/style><\/defs><path class=\"aed1427e-e5ff-4359-b373-334313c48315\" d=\"M8.8969,16.966V8.9071h8.0692V8.1012H8.8969V0H8.0693V8.1012H0v.8059H8.0693V16.966Z\" transform=\"translate(0 0.0001)\"><\/path><\/svg><\/span>\n\t\t\t\t\t\t\t\t<span class=\"elementor-toggle-icon-opened\"><svg xmlns=\"http:\/\/www.w3.org\/2000\/svg\" id=\"ef88faed-b140-41a0-9417-c1651f3bd4fc\" data-name=\"Layer 1\" width=\"13.785\" height=\"1.0074\" viewBox=\"0 0 13.785 1.0074\"><defs><style>.e3c7dd86-9752-467e-8574-885a4e9461bb{fill:#1c2448;}<\/style><\/defs><path class=\"e3c7dd86-9752-467e-8574-885a4e9461bb\" d=\"M13.785,1.0338V.0265H0V1.0338Z\" transform=\"translate(0 -0.0265)\"><\/path><\/svg><\/span>\n\t\t\t\t\t\t\t\t\t\t\t\t\t<\/span>\n\t\t\t\t\t\t\t\t\t\t\t\t<a class=\"elementor-toggle-title\" tabindex=\"0\">\u00bfCu\u00e1l es su pol\u00edtica de precios?<\/a>\n\t\t\t\t\t<\/h4>\n\n\t\t\t\t\t<div id=\"elementor-tab-content-2742\" class=\"elementor-tab-content elementor-clearfix\" data-tab=\"2\" role=\"region\" aria-labelledby=\"elementor-tab-title-2742\"><p><span class=\"TextRun SCXW129772486 BCX0\" lang=\"ES-419\" xml:lang=\"ES-419\" data-contrast=\"auto\"><span class=\"NormalTextRun SCXW129772486 BCX0\">Nuestros precios var\u00edan seg\u00fan la duraci\u00f3n y la complejidad del proyecto. Puedes contactarnos para obtener un presupuesto personalizado que se ajuste a tus necesidades y presupuesto.<\/span><\/span><span class=\"EOP SCXW129772486 BCX0\" data-ccp-props=\"{&quot;201341983&quot;:0,&quot;335551550&quot;:6,&quot;335551620&quot;:6,&quot;335559685&quot;:0,&quot;335559739&quot;:160,&quot;335559740&quot;:259}\">\u00a0<\/span><\/p><\/div>\n\t\t\t\t<\/div>\n\t\t\t\t\t\t\t<div class=\"elementor-toggle-item\">\n\t\t\t\t\t<h4 id=\"elementor-tab-title-2743\" class=\"elementor-tab-title\" data-tab=\"3\" role=\"button\" aria-controls=\"elementor-tab-content-2743\" aria-expanded=\"false\">\n\t\t\t\t\t\t\t\t\t\t\t\t<span class=\"elementor-toggle-icon elementor-toggle-icon-right\" aria-hidden=\"true\">\n\t\t\t\t\t\t\t\t\t\t\t\t\t\t\t<span class=\"elementor-toggle-icon-closed\"><svg xmlns=\"http:\/\/www.w3.org\/2000\/svg\" id=\"a1e64e0c-4c41-4fca-8542-7a49c6092caa\" data-name=\"Layer 1\" width=\"16.9661\" height=\"16.9661\" viewBox=\"0 0 16.9661 16.9661\"><defs><style>.aed1427e-e5ff-4359-b373-334313c48315{fill:#1c2448;}<\/style><\/defs><path class=\"aed1427e-e5ff-4359-b373-334313c48315\" d=\"M8.8969,16.966V8.9071h8.0692V8.1012H8.8969V0H8.0693V8.1012H0v.8059H8.0693V16.966Z\" transform=\"translate(0 0.0001)\"><\/path><\/svg><\/span>\n\t\t\t\t\t\t\t\t<span class=\"elementor-toggle-icon-opened\"><svg xmlns=\"http:\/\/www.w3.org\/2000\/svg\" id=\"ef88faed-b140-41a0-9417-c1651f3bd4fc\" data-name=\"Layer 1\" width=\"13.785\" height=\"1.0074\" viewBox=\"0 0 13.785 1.0074\"><defs><style>.e3c7dd86-9752-467e-8574-885a4e9461bb{fill:#1c2448;}<\/style><\/defs><path class=\"e3c7dd86-9752-467e-8574-885a4e9461bb\" d=\"M13.785,1.0338V.0265H0V1.0338Z\" transform=\"translate(0 -0.0265)\"><\/path><\/svg><\/span>\n\t\t\t\t\t\t\t\t\t\t\t\t\t<\/span>\n\t\t\t\t\t\t\t\t\t\t\t\t<a class=\"elementor-toggle-title\" tabindex=\"0\">\u00bfQu\u00e9 puedo esperar del resultado final?<\/a>\n\t\t\t\t\t<\/h4>\n\n\t\t\t\t\t<div id=\"elementor-tab-content-2743\" class=\"elementor-tab-content elementor-clearfix\" data-tab=\"3\" role=\"region\" aria-labelledby=\"elementor-tab-title-2743\"><p><span class=\"TextRun SCXW47273891 BCX0\" lang=\"ES-419\" xml:lang=\"ES-419\" data-contrast=\"auto\"><span class=\"NormalTextRun SCXW47273891 BCX0\">P<\/span><span class=\"NormalTextRun SCXW47273891 BCX0\">uedes esperar un video final pulido, coherente y visualmente atractivo que refleje tu visi\u00f3n y mensaje. Trabajamos para superar tus expectativas y entregar un producto que te enorgullezca compartir.<\/span><\/span><span class=\"EOP SCXW47273891 BCX0\" data-ccp-props=\"{&quot;201341983&quot;:0,&quot;335551550&quot;:6,&quot;335551620&quot;:6,&quot;335559685&quot;:0,&quot;335559739&quot;:160,&quot;335559740&quot;:259}\">\u00a0<\/span><\/p><\/div>\n\t\t\t\t<\/div>\n\t\t\t\t\t\t\t\t<\/div>\n\t\t\t\t\t\t<\/div>\n\t\t\t\t<\/div>\n\t\t\t\t<\/div>\n\t\t\t\t<\/div>\n\t\t\t\t\t<\/div>\n\t\t<\/div>\n\t\t\t\t\t<\/div>\n\t\t<\/section>\n\t\t\t\t<\/div>\n\t\t","protected":false},"excerpt":{"rendered":"<p>Preguntas frecuentes \u00bfC\u00f3mo funciona el proceso de edici\u00f3n? Nuestro proceso es sencillo. Primero, nos proporcionas el material de video. Luego, nuestro equipo de edici\u00f3n trabaja en mejorar la calidad, la coherencia y la narrativa. Finalmente, te entregamos un borrador para tu revisi\u00f3n y hacemos ajustes seg\u00fan tus comentarios.\u00a0 \u00bfPuedo proporcionar indicaciones espec\u00edficas para la edici\u00f3n?&hellip; <a class=\"more-link\" href=\"https:\/\/videoviral.vip\/index.php\/preguntas-frecuentas\/\">Continue reading <span class=\"screen-reader-text\">Q&#038;A<\/span><\/a><\/p>\n","protected":false},"author":1,"featured_media":0,"parent":0,"menu_order":0,"comment_status":"closed","ping_status":"closed","template":"elementor_header_footer","meta":{"footnotes":""},"class_list":["post-18","page","type-page","status-publish","hentry","entry"],"_links":{"self":[{"href":"https:\/\/videoviral.vip\/index.php\/wp-json\/wp\/v2\/pages\/18","targetHints":{"allow":["GET"]}}],"collection":[{"href":"https:\/\/videoviral.vip\/index.php\/wp-json\/wp\/v2\/pages"}],"about":[{"href":"https:\/\/videoviral.vip\/index.php\/wp-json\/wp\/v2\/types\/page"}],"author":[{"embeddable":true,"href":"https:\/\/videoviral.vip\/index.php\/wp-json\/wp\/v2\/users\/1"}],"replies":[{"embeddable":true,"href":"https:\/\/videoviral.vip\/index.php\/wp-json\/wp\/v2\/comments?post=18"}],"version-history":[{"count":14,"href":"https:\/\/videoviral.vip\/index.php\/wp-json\/wp\/v2\/pages\/18\/revisions"}],"predecessor-version":[{"id":244,"href":"https:\/\/videoviral.vip\/index.php\/wp-json\/wp\/v2\/pages\/18\/revisions\/244"}],"wp:attachment":[{"href":"https:\/\/videoviral.vip\/index.php\/wp-json\/wp\/v2\/media?parent=18"}],"curies":[{"name":"wp","href":"https:\/\/api.w.org\/{rel}","templated":true}]}}