{"id":28,"date":"2023-08-29T21:27:08","date_gmt":"2023-08-29T21:27:08","guid":{"rendered":"https:\/\/videoviral.vip\/index.php\/workshop-1\/"},"modified":"2023-10-30T03:58:49","modified_gmt":"2023-10-30T03:58:49","slug":"beneficios","status":"publish","type":"page","link":"https:\/\/videoviral.vip\/index.php\/beneficios\/","title":{"rendered":"Beneficios"},"content":{"rendered":"\t\t<div data-elementor-type=\"wp-page\" data-elementor-id=\"28\" class=\"elementor elementor-28\" data-elementor-post-type=\"page\">\n\t\t\t\t\t\t<section class=\"elementor-section elementor-top-section elementor-element elementor-element-1fb41f99 elementor-section-full_width elementor-section-height-min-height elementor-section-content-middle elementor-reverse-tablet elementor-reverse-mobile elementor-section-height-default elementor-section-items-middle\" data-id=\"1fb41f99\" data-element_type=\"section\" data-e-type=\"section\">\n\t\t\t\t\t\t<div class=\"elementor-container elementor-column-gap-no\">\n\t\t\t\t\t<div class=\"elementor-column elementor-col-100 elementor-top-column elementor-element elementor-element-7cdebed\" data-id=\"7cdebed\" data-element_type=\"column\" data-e-type=\"column\">\n\t\t\t<div class=\"elementor-widget-wrap elementor-element-populated\">\n\t\t\t\t\t\t<section class=\"elementor-section elementor-inner-section elementor-element elementor-element-b0b2e16 elementor-section-boxed elementor-section-height-default elementor-section-height-default\" data-id=\"b0b2e16\" data-element_type=\"section\" data-e-type=\"section\">\n\t\t\t\t\t\t<div class=\"elementor-container elementor-column-gap-no\">\n\t\t\t\t\t<div class=\"elementor-column elementor-col-100 elementor-inner-column elementor-element elementor-element-93cc7cb\" data-id=\"93cc7cb\" data-element_type=\"column\" data-e-type=\"column\">\n\t\t\t<div class=\"elementor-widget-wrap elementor-element-populated\">\n\t\t\t\t\t\t<div class=\"elementor-element elementor-element-b0f5052 elementor-widget elementor-widget-heading\" data-id=\"b0f5052\" data-element_type=\"widget\" data-e-type=\"widget\" data-widget_type=\"heading.default\">\n\t\t\t\t<div class=\"elementor-widget-container\">\n\t\t\t\t\t<h2 class=\"elementor-heading-title elementor-size-default\">Beneficios que obtienes con nosotros en Video Viral VIP<\/h2>\t\t\t\t<\/div>\n\t\t\t\t<\/div>\n\t\t\t\t\t<\/div>\n\t\t<\/div>\n\t\t\t\t\t<\/div>\n\t\t<\/section>\n\t\t\t\t<section class=\"elementor-section elementor-inner-section elementor-element elementor-element-421d4ec elementor-section-full_width elementor-section-height-default elementor-section-height-default\" data-id=\"421d4ec\" data-element_type=\"section\" data-e-type=\"section\">\n\t\t\t\t\t\t<div class=\"elementor-container elementor-column-gap-no\">\n\t\t\t\t\t<div class=\"elementor-column elementor-col-33 elementor-inner-column elementor-element elementor-element-a19394a\" data-id=\"a19394a\" data-element_type=\"column\" data-e-type=\"column\">\n\t\t\t<div class=\"elementor-widget-wrap elementor-element-populated\">\n\t\t\t\t\t\t<div class=\"elementor-element elementor-element-7b32bb3 elementor-position-top elementor-widget elementor-widget-image-box\" data-id=\"7b32bb3\" data-element_type=\"widget\" data-e-type=\"widget\" data-widget_type=\"image-box.default\">\n\t\t\t\t<div class=\"elementor-widget-container\">\n\t\t\t\t\t<div class=\"elementor-image-box-wrapper\"><figure class=\"elementor-image-box-img\"><a href=\"https:\/\/library.elementor.com\/local-workshops-wireframe-1\/workshops\/#workshop_1\" tabindex=\"-1\"><img fetchpriority=\"high\" decoding=\"async\" width=\"683\" height=\"600\" src=\"https:\/\/videoviral.vip\/wp-content\/uploads\/2023\/08\/Image_Placeholder-13122021.jpg\" class=\"elementor-animation-grow attachment-full size-full wp-image-33\" alt=\"\" style=\"width:100%;height:87.85%;max-width:683px\" srcset=\"https:\/\/videoviral.vip\/wp-content\/uploads\/2023\/08\/Image_Placeholder-13122021.jpg 683w, https:\/\/videoviral.vip\/wp-content\/uploads\/2023\/08\/Image_Placeholder-13122021-300x264.jpg 300w\" sizes=\"(max-width: 683px) 100vw, 683px\" \/><\/a><\/figure><div class=\"elementor-image-box-content\"><h3 class=\"elementor-image-box-title\"><a href=\"https:\/\/library.elementor.com\/local-workshops-wireframe-1\/workshops\/#workshop_1\">Edici\u00f3n Profesional <\/a><\/h3><p class=\"elementor-image-box-description\">A short description of the workshop and how the visitor will benefit from it.<\/p><\/div><\/div>\t\t\t\t<\/div>\n\t\t\t\t<\/div>\n\t\t\t\t\t<\/div>\n\t\t<\/div>\n\t\t\t\t<div class=\"elementor-column elementor-col-33 elementor-inner-column elementor-element elementor-element-77f2555\" data-id=\"77f2555\" data-element_type=\"column\" data-e-type=\"column\">\n\t\t\t<div class=\"elementor-widget-wrap elementor-element-populated\">\n\t\t\t\t\t\t<div class=\"elementor-element elementor-element-044aa01 elementor-position-top elementor-widget elementor-widget-image-box\" data-id=\"044aa01\" data-element_type=\"widget\" data-e-type=\"widget\" data-widget_type=\"image-box.default\">\n\t\t\t\t<div class=\"elementor-widget-container\">\n\t\t\t\t\t<div class=\"elementor-image-box-wrapper\"><figure class=\"elementor-image-box-img\"><a href=\"https:\/\/library.elementor.com\/local-workshops-wireframe-1\/workshops\/#workshop_2\" tabindex=\"-1\"><img fetchpriority=\"high\" decoding=\"async\" width=\"683\" height=\"600\" src=\"https:\/\/videoviral.vip\/wp-content\/uploads\/2023\/08\/Image_Placeholder-13122021.jpg\" class=\"elementor-animation-grow attachment-full size-full wp-image-33\" alt=\"\" style=\"width:100%;height:87.85%;max-width:683px\" srcset=\"https:\/\/videoviral.vip\/wp-content\/uploads\/2023\/08\/Image_Placeholder-13122021.jpg 683w, https:\/\/videoviral.vip\/wp-content\/uploads\/2023\/08\/Image_Placeholder-13122021-300x264.jpg 300w\" sizes=\"(max-width: 683px) 100vw, 683px\" \/><\/a><\/figure><div class=\"elementor-image-box-content\"><h3 class=\"elementor-image-box-title\"><a href=\"https:\/\/library.elementor.com\/local-workshops-wireframe-1\/workshops\/#workshop_2\">Colaboraci\u00f3n Sencilla <\/a><\/h3><p class=\"elementor-image-box-description\">Mantenemos una comunicaci\u00f3n fluida contigo para asegurarnos de que el resultado final cumpla con tus expectativas.<\/p><\/div><\/div>\t\t\t\t<\/div>\n\t\t\t\t<\/div>\n\t\t\t\t\t<\/div>\n\t\t<\/div>\n\t\t\t\t<div class=\"elementor-column elementor-col-33 elementor-inner-column elementor-element elementor-element-230262a\" data-id=\"230262a\" data-element_type=\"column\" data-e-type=\"column\">\n\t\t\t<div class=\"elementor-widget-wrap elementor-element-populated\">\n\t\t\t\t\t\t<div class=\"elementor-element elementor-element-0278bc4 elementor-position-top elementor-widget elementor-widget-image-box\" data-id=\"0278bc4\" data-element_type=\"widget\" data-e-type=\"widget\" data-widget_type=\"image-box.default\">\n\t\t\t\t<div class=\"elementor-widget-container\">\n\t\t\t\t\t<div class=\"elementor-image-box-wrapper\"><figure class=\"elementor-image-box-img\"><a href=\"https:\/\/library.elementor.com\/local-workshops-wireframe-1\/workshops\/#workshop_3\" tabindex=\"-1\"><img fetchpriority=\"high\" decoding=\"async\" width=\"683\" height=\"600\" src=\"https:\/\/videoviral.vip\/wp-content\/uploads\/2023\/08\/Image_Placeholder-13122021.jpg\" class=\"elementor-animation-grow attachment-full size-full wp-image-33\" alt=\"\" style=\"width:100%;height:87.85%;max-width:683px\" srcset=\"https:\/\/videoviral.vip\/wp-content\/uploads\/2023\/08\/Image_Placeholder-13122021.jpg 683w, https:\/\/videoviral.vip\/wp-content\/uploads\/2023\/08\/Image_Placeholder-13122021-300x264.jpg 300w\" sizes=\"(max-width: 683px) 100vw, 683px\" \/><\/a><\/figure><div class=\"elementor-image-box-content\"><h3 class=\"elementor-image-box-title\"><a href=\"https:\/\/library.elementor.com\/local-workshops-wireframe-1\/workshops\/#workshop_3\">Formatos Vers\u00e1tiles<\/a><\/h3><p class=\"elementor-image-box-description\">Entregamos tus videos en una variedad de formatos compatibles, listos para compartir en diferentes plataformas. <\/p><\/div><\/div>\t\t\t\t<\/div>\n\t\t\t\t<\/div>\n\t\t\t\t\t<\/div>\n\t\t<\/div>\n\t\t\t\t\t<\/div>\n\t\t<\/section>\n\t\t\t\t\t<\/div>\n\t\t<\/div>\n\t\t\t\t\t<\/div>\n\t\t<\/section>\n\t\t\t\t<section class=\"elementor-section elementor-top-section elementor-element elementor-element-c81b0f9 elementor-section-full_width elementor-section-height-full elementor-section-items-stretch elementor-section-content-middle elementor-reverse-tablet elementor-reverse-mobile elementor-section-height-default\" data-id=\"c81b0f9\" data-element_type=\"section\" data-e-type=\"section\">\n\t\t\t\t\t\t<div class=\"elementor-container elementor-column-gap-no\">\n\t\t\t\t\t<div class=\"elementor-column elementor-col-100 elementor-top-column elementor-element elementor-element-a89595c\" data-id=\"a89595c\" data-element_type=\"column\" data-e-type=\"column\">\n\t\t\t<div class=\"elementor-widget-wrap elementor-element-populated\">\n\t\t\t\t<div class=\"elementor-element elementor-element-a8e82ce e-con-full e-flex e-con e-parent\" data-id=\"a8e82ce\" data-element_type=\"container\" data-e-type=\"container\" data-settings=\"{&quot;background_background&quot;:&quot;classic&quot;}\">\n\t\t\t\t<div class=\"elementor-element elementor-element-bdb4f8c elementor-widget elementor-widget-heading\" data-id=\"bdb4f8c\" data-element_type=\"widget\" data-e-type=\"widget\" data-widget_type=\"heading.default\">\n\t\t\t\t<div class=\"elementor-widget-container\">\n\t\t\t\t\t<h3 class=\"elementor-heading-title elementor-size-default\">Servicios que brindamos <br>en Video Viral VIP<\/h3>\t\t\t\t<\/div>\n\t\t\t\t<\/div>\n\t\t<div class=\"elementor-element elementor-element-2775e1c e-con-full e-flex e-con e-child\" data-id=\"2775e1c\" data-element_type=\"container\" data-e-type=\"container\">\n\t\t\t\t<div class=\"elementor-element elementor-element-ac287a6 elementor-view-stacked elementor-shape-square elementor-widget__width-initial elementor-position-block-start elementor-mobile-position-block-start elementor-widget elementor-widget-icon-box\" data-id=\"ac287a6\" data-element_type=\"widget\" data-e-type=\"widget\" data-widget_type=\"icon-box.default\">\n\t\t\t\t<div class=\"elementor-widget-container\">\n\t\t\t\t\t\t\t<div class=\"elementor-icon-box-wrapper\">\n\n\t\t\t\t\t\t<div class=\"elementor-icon-box-icon\">\n\t\t\t\t<span  class=\"elementor-icon elementor-animation-shrink\">\n\t\t\t\t<svg xmlns=\"http:\/\/www.w3.org\/2000\/svg\" id=\"ef401a9b-392f-49b7-a156-a160ba6e5cf7\" data-name=\"Layer 1\" width=\"41.4618\" height=\"39.8666\" viewBox=\"0 0 41.4618 39.8666\"><polygon points=\"29.876 11.139 29.876 0 0 0 0 28.727 11.586 28.727 11.586 11.139 29.876 11.139\"><\/polygon><polygon points=\"29.876 11.139 29.876 28.727 11.586 28.727 11.586 39.867 41.462 39.867 41.462 11.139 29.876 11.139\"><\/polygon><\/svg>\t\t\t\t<\/span>\n\t\t\t<\/div>\n\t\t\t\n\t\t\t\t\t\t<div class=\"elementor-icon-box-content\">\n\n\t\t\t\t\t\t\t\t\t<h5 class=\"elementor-icon-box-title\">\n\t\t\t\t\t\t<span  >\n\t\t\t\t\t\t\tEdici\u00f3n de video\t\t\t\t\t\t<\/span>\n\t\t\t\t\t<\/h5>\n\t\t\t\t\n\t\t\t\t\t\t\t\t\t<p class=\"elementor-icon-box-description\">\n\t\t\t\t\t\tEdici\u00f3n profesional para mejorar la calidad y el impacto de su contenido de video. \t\t\t\t\t<\/p>\n\t\t\t\t\n\t\t\t<\/div>\n\t\t\t\n\t\t<\/div>\n\t\t\t\t\t\t<\/div>\n\t\t\t\t<\/div>\n\t\t\t\t<div class=\"elementor-element elementor-element-caffa68 elementor-view-stacked elementor-shape-square elementor-widget__width-initial elementor-position-block-start elementor-mobile-position-block-start elementor-widget elementor-widget-icon-box\" data-id=\"caffa68\" data-element_type=\"widget\" data-e-type=\"widget\" data-widget_type=\"icon-box.default\">\n\t\t\t\t<div class=\"elementor-widget-container\">\n\t\t\t\t\t\t\t<div class=\"elementor-icon-box-wrapper\">\n\n\t\t\t\t\t\t<div class=\"elementor-icon-box-icon\">\n\t\t\t\t<span  class=\"elementor-icon elementor-animation-shrink\">\n\t\t\t\t<svg xmlns=\"http:\/\/www.w3.org\/2000\/svg\" id=\"ef401a9b-392f-49b7-a156-a160ba6e5cf7\" data-name=\"Layer 1\" width=\"41.4618\" height=\"39.8666\" viewBox=\"0 0 41.4618 39.8666\"><polygon points=\"29.876 11.139 29.876 0 0 0 0 28.727 11.586 28.727 11.586 11.139 29.876 11.139\"><\/polygon><polygon points=\"29.876 11.139 29.876 28.727 11.586 28.727 11.586 39.867 41.462 39.867 41.462 11.139 29.876 11.139\"><\/polygon><\/svg>\t\t\t\t<\/span>\n\t\t\t<\/div>\n\t\t\t\n\t\t\t\t\t\t<div class=\"elementor-icon-box-content\">\n\n\t\t\t\t\t\t\t\t\t<h5 class=\"elementor-icon-box-title\">\n\t\t\t\t\t\t<span  >\n\t\t\t\t\t\t\tCorrecci\u00f3n de color\t\t\t\t\t\t<\/span>\n\t\t\t\t\t<\/h5>\n\t\t\t\t\n\t\t\t\t\t\t\t\t\t<p class=\"elementor-icon-box-description\">\n\t\t\t\t\t\tModificaci\u00f3n y mejora de los valores de iluminaci\u00f3n y color dentro de su video para crear una profundidad visual y tener un contenido m\u00e1s est\u00e9tico.\t\t\t\t\t<\/p>\n\t\t\t\t\n\t\t\t<\/div>\n\t\t\t\n\t\t<\/div>\n\t\t\t\t\t\t<\/div>\n\t\t\t\t<\/div>\n\t\t\t\t<div class=\"elementor-element elementor-element-7f4ee03 elementor-view-stacked elementor-shape-square elementor-widget__width-initial elementor-position-block-start elementor-mobile-position-block-start elementor-widget elementor-widget-icon-box\" data-id=\"7f4ee03\" data-element_type=\"widget\" data-e-type=\"widget\" data-widget_type=\"icon-box.default\">\n\t\t\t\t<div class=\"elementor-widget-container\">\n\t\t\t\t\t\t\t<div class=\"elementor-icon-box-wrapper\">\n\n\t\t\t\t\t\t<div class=\"elementor-icon-box-icon\">\n\t\t\t\t<span  class=\"elementor-icon elementor-animation-shrink\">\n\t\t\t\t<svg xmlns=\"http:\/\/www.w3.org\/2000\/svg\" id=\"ef401a9b-392f-49b7-a156-a160ba6e5cf7\" data-name=\"Layer 1\" width=\"41.4618\" height=\"39.8666\" viewBox=\"0 0 41.4618 39.8666\"><polygon points=\"29.876 11.139 29.876 0 0 0 0 28.727 11.586 28.727 11.586 11.139 29.876 11.139\"><\/polygon><polygon points=\"29.876 11.139 29.876 28.727 11.586 28.727 11.586 39.867 41.462 39.867 41.462 11.139 29.876 11.139\"><\/polygon><\/svg>\t\t\t\t<\/span>\n\t\t\t<\/div>\n\t\t\t\n\t\t\t\t\t\t<div class=\"elementor-icon-box-content\">\n\n\t\t\t\t\t\t\t\t\t<h5 class=\"elementor-icon-box-title\">\n\t\t\t\t\t\t<span  >\n\t\t\t\t\t\t\tDise\u00f1o sonoro\t\t\t\t\t\t<\/span>\n\t\t\t\t\t<\/h5>\n\t\t\t\t\n\t\t\t\t\t\t\t\t\t<p class=\"elementor-icon-box-description\">\n\t\t\t\t\t\tEdici\u00f3n sonora para tener un contenido inmersivo y atractivo. \t\t\t\t\t<\/p>\n\t\t\t\t\n\t\t\t<\/div>\n\t\t\t\n\t\t<\/div>\n\t\t\t\t\t\t<\/div>\n\t\t\t\t<\/div>\n\t\t\t\t<div class=\"elementor-element elementor-element-f9c2aa9 elementor-view-stacked elementor-shape-square elementor-widget__width-initial elementor-position-block-start elementor-mobile-position-block-start elementor-widget elementor-widget-icon-box\" data-id=\"f9c2aa9\" data-element_type=\"widget\" data-e-type=\"widget\" data-widget_type=\"icon-box.default\">\n\t\t\t\t<div class=\"elementor-widget-container\">\n\t\t\t\t\t\t\t<div class=\"elementor-icon-box-wrapper\">\n\n\t\t\t\t\t\t<div class=\"elementor-icon-box-icon\">\n\t\t\t\t<span  class=\"elementor-icon elementor-animation-shrink\">\n\t\t\t\t<svg xmlns=\"http:\/\/www.w3.org\/2000\/svg\" id=\"ef401a9b-392f-49b7-a156-a160ba6e5cf7\" data-name=\"Layer 1\" width=\"41.4618\" height=\"39.8666\" viewBox=\"0 0 41.4618 39.8666\"><polygon points=\"29.876 11.139 29.876 0 0 0 0 28.727 11.586 28.727 11.586 11.139 29.876 11.139\"><\/polygon><polygon points=\"29.876 11.139 29.876 28.727 11.586 28.727 11.586 39.867 41.462 39.867 41.462 11.139 29.876 11.139\"><\/polygon><\/svg>\t\t\t\t<\/span>\n\t\t\t<\/div>\n\t\t\t\n\t\t\t\t\t\t<div class=\"elementor-icon-box-content\">\n\n\t\t\t\t\t\t\t\t\t<h5 class=\"elementor-icon-box-title\">\n\t\t\t\t\t\t<span  >\n\t\t\t\t\t\t\tEscritura de Guiones\t\t\t\t\t\t<\/span>\n\t\t\t\t\t<\/h5>\n\t\t\t\t\n\t\t\t\t\t\t\t\t\t<p class=\"elementor-icon-box-description\">\n\t\t\t\t\t\tElaboraci\u00f3n de guiones atractivos que transmitan su mensaje de manera efectiva y capten la atenci\u00f3n de su p\u00fablico meta.  \t\t\t\t\t<\/p>\n\t\t\t\t\n\t\t\t<\/div>\n\t\t\t\n\t\t<\/div>\n\t\t\t\t\t\t<\/div>\n\t\t\t\t<\/div>\n\t\t\t\t<div class=\"elementor-element elementor-element-0764910 elementor-view-stacked elementor-shape-square elementor-widget__width-initial elementor-position-block-start elementor-mobile-position-block-start elementor-widget elementor-widget-icon-box\" data-id=\"0764910\" data-element_type=\"widget\" data-e-type=\"widget\" data-widget_type=\"icon-box.default\">\n\t\t\t\t<div class=\"elementor-widget-container\">\n\t\t\t\t\t\t\t<div class=\"elementor-icon-box-wrapper\">\n\n\t\t\t\t\t\t<div class=\"elementor-icon-box-icon\">\n\t\t\t\t<span  class=\"elementor-icon elementor-animation-shrink\">\n\t\t\t\t<svg xmlns=\"http:\/\/www.w3.org\/2000\/svg\" id=\"ef401a9b-392f-49b7-a156-a160ba6e5cf7\" data-name=\"Layer 1\" width=\"41.4618\" height=\"39.8666\" viewBox=\"0 0 41.4618 39.8666\"><polygon points=\"29.876 11.139 29.876 0 0 0 0 28.727 11.586 28.727 11.586 11.139 29.876 11.139\"><\/polygon><polygon points=\"29.876 11.139 29.876 28.727 11.586 28.727 11.586 39.867 41.462 39.867 41.462 11.139 29.876 11.139\"><\/polygon><\/svg>\t\t\t\t<\/span>\n\t\t\t<\/div>\n\t\t\t\n\t\t\t\t\t\t<div class=\"elementor-icon-box-content\">\n\n\t\t\t\t\t\t\t\t\t<h5 class=\"elementor-icon-box-title\">\n\t\t\t\t\t\t<span  >\n\t\t\t\t\t\t\tStoryboarding\t\t\t\t\t\t<\/span>\n\t\t\t\t\t<\/h5>\n\t\t\t\t\n\t\t\t\t\t\t\t\t\t<p class=\"elementor-icon-box-description\">\n\t\t\t\t\t\tCreaci\u00f3n de guiones visuales para planificar los elementos que contendr\u00e1 su video. \t\t\t\t\t<\/p>\n\t\t\t\t\n\t\t\t<\/div>\n\t\t\t\n\t\t<\/div>\n\t\t\t\t\t\t<\/div>\n\t\t\t\t<\/div>\n\t\t\t\t<div class=\"elementor-element elementor-element-ac004aa elementor-view-stacked elementor-shape-square elementor-widget__width-initial elementor-position-block-start elementor-mobile-position-block-start elementor-widget elementor-widget-icon-box\" data-id=\"ac004aa\" data-element_type=\"widget\" data-e-type=\"widget\" data-widget_type=\"icon-box.default\">\n\t\t\t\t<div class=\"elementor-widget-container\">\n\t\t\t\t\t\t\t<div class=\"elementor-icon-box-wrapper\">\n\n\t\t\t\t\t\t<div class=\"elementor-icon-box-icon\">\n\t\t\t\t<span  class=\"elementor-icon elementor-animation-shrink\">\n\t\t\t\t<svg xmlns=\"http:\/\/www.w3.org\/2000\/svg\" id=\"ef401a9b-392f-49b7-a156-a160ba6e5cf7\" data-name=\"Layer 1\" width=\"41.4618\" height=\"39.8666\" viewBox=\"0 0 41.4618 39.8666\"><polygon points=\"29.876 11.139 29.876 0 0 0 0 28.727 11.586 28.727 11.586 11.139 29.876 11.139\"><\/polygon><polygon points=\"29.876 11.139 29.876 28.727 11.586 28.727 11.586 39.867 41.462 39.867 41.462 11.139 29.876 11.139\"><\/polygon><\/svg>\t\t\t\t<\/span>\n\t\t\t<\/div>\n\t\t\t\n\t\t\t\t\t\t<div class=\"elementor-icon-box-content\">\n\n\t\t\t\t\t\t\t\t\t<h5 class=\"elementor-icon-box-title\">\n\t\t\t\t\t\t<span  >\n\t\t\t\t\t\t\tTranscripci\u00f3n\t\t\t\t\t\t<\/span>\n\t\t\t\t\t<\/h5>\n\t\t\t\t\n\t\t\t\t\t\t\t\t\t<p class=\"elementor-icon-box-description\">\n\t\t\t\t\t\tConversi\u00f3n del contenido de audio y video en transcripciones escritas, haci\u00e9ndolo accesible para diversos fines.\t\t\t\t\t<\/p>\n\t\t\t\t\n\t\t\t<\/div>\n\t\t\t\n\t\t<\/div>\n\t\t\t\t\t\t<\/div>\n\t\t\t\t<\/div>\n\t\t\t\t<div class=\"elementor-element elementor-element-bbe1de2 elementor-view-stacked elementor-shape-square elementor-widget__width-initial elementor-position-block-start elementor-mobile-position-block-start elementor-widget elementor-widget-icon-box\" data-id=\"bbe1de2\" data-element_type=\"widget\" data-e-type=\"widget\" data-widget_type=\"icon-box.default\">\n\t\t\t\t<div class=\"elementor-widget-container\">\n\t\t\t\t\t\t\t<div class=\"elementor-icon-box-wrapper\">\n\n\t\t\t\t\t\t<div class=\"elementor-icon-box-icon\">\n\t\t\t\t<span  class=\"elementor-icon elementor-animation-shrink\">\n\t\t\t\t<svg xmlns=\"http:\/\/www.w3.org\/2000\/svg\" id=\"ef401a9b-392f-49b7-a156-a160ba6e5cf7\" data-name=\"Layer 1\" width=\"41.4618\" height=\"39.8666\" viewBox=\"0 0 41.4618 39.8666\"><polygon points=\"29.876 11.139 29.876 0 0 0 0 28.727 11.586 28.727 11.586 11.139 29.876 11.139\"><\/polygon><polygon points=\"29.876 11.139 29.876 28.727 11.586 28.727 11.586 39.867 41.462 39.867 41.462 11.139 29.876 11.139\"><\/polygon><\/svg>\t\t\t\t<\/span>\n\t\t\t<\/div>\n\t\t\t\n\t\t\t\t\t\t<div class=\"elementor-icon-box-content\">\n\n\t\t\t\t\t\t\t\t\t<h4 class=\"elementor-icon-box-title\">\n\t\t\t\t\t\t<span  >\n\t\t\t\t\t\t\tSubt\u00edtulos\t\t\t\t\t\t<\/span>\n\t\t\t\t\t<\/h4>\n\t\t\t\t\n\t\t\t\t\t\t\t\t\t<p class=\"elementor-icon-box-description\">\n\t\t\t\t\t\tAgregue subt\u00edtulos para que sus videos sean m\u00e1s accesibles y lleguen a una audiencia m\u00e1s amplia.\t\t\t\t\t<\/p>\n\t\t\t\t\n\t\t\t<\/div>\n\t\t\t\n\t\t<\/div>\n\t\t\t\t\t\t<\/div>\n\t\t\t\t<\/div>\n\t\t\t\t<\/div>\n\t\t\t\t<\/div>\n\t\t\t\t\t<\/div>\n\t\t<\/div>\n\t\t\t\t\t<\/div>\n\t\t<\/section>\n\t\t\t\t<\/div>\n\t\t","protected":false},"excerpt":{"rendered":"<p>Beneficios que obtienes con nosotros en Video Viral VIP Edici\u00f3n Profesional A short description of the workshop and how the visitor will benefit from it. Colaboraci\u00f3n Sencilla Mantenemos una comunicaci\u00f3n fluida contigo para asegurarnos de que el resultado final cumpla con tus expectativas. Formatos Vers\u00e1tiles Entregamos tus videos en una variedad de formatos compatibles, listos&hellip; <a class=\"more-link\" href=\"https:\/\/videoviral.vip\/index.php\/beneficios\/\">Continue reading <span class=\"screen-reader-text\">Beneficios<\/span><\/a><\/p>\n","protected":false},"author":1,"featured_media":0,"parent":0,"menu_order":0,"comment_status":"closed","ping_status":"closed","template":"elementor_header_footer","meta":{"footnotes":""},"class_list":["post-28","page","type-page","status-publish","hentry","entry"],"_links":{"self":[{"href":"https:\/\/videoviral.vip\/index.php\/wp-json\/wp\/v2\/pages\/28","targetHints":{"allow":["GET"]}}],"collection":[{"href":"https:\/\/videoviral.vip\/index.php\/wp-json\/wp\/v2\/pages"}],"about":[{"href":"https:\/\/videoviral.vip\/index.php\/wp-json\/wp\/v2\/types\/page"}],"author":[{"embeddable":true,"href":"https:\/\/videoviral.vip\/index.php\/wp-json\/wp\/v2\/users\/1"}],"replies":[{"embeddable":true,"href":"https:\/\/videoviral.vip\/index.php\/wp-json\/wp\/v2\/comments?post=28"}],"version-history":[{"count":14,"href":"https:\/\/videoviral.vip\/index.php\/wp-json\/wp\/v2\/pages\/28\/revisions"}],"predecessor-version":[{"id":238,"href":"https:\/\/videoviral.vip\/index.php\/wp-json\/wp\/v2\/pages\/28\/revisions\/238"}],"wp:attachment":[{"href":"https:\/\/videoviral.vip\/index.php\/wp-json\/wp\/v2\/media?parent=28"}],"curies":[{"name":"wp","href":"https:\/\/api.w.org\/{rel}","templated":true}]}}